{"id":6,"date":"2020-05-15T20:58:17","date_gmt":"2020-05-15T18:58:17","guid":{"rendered":"https:\/\/www.schaumannovka.cz\/eshop\/obchod\/"},"modified":"2021-04-02T16:08:03","modified_gmt":"2021-04-02T14:08:03","slug":"obchod","status":"publish","type":"page","link":"https:\/\/www.schaumannovka.cz\/eshop\/","title":{"rendered":"Schaumannovka &#8211; v\u0161echny produkty"},"content":{"rendered":"\n<p>V\u00edtejte v e-shopu, kter\u00fd je ur\u010den k nab\u00eddce toho nejlep\u0161\u00edho, co Schaumannovka m\u016f\u017ee nab\u00eddnout. <br>Naleznete zde nab\u00eddku pro v\u0161edn\u00ed dny i pro slavnostn\u00ed chv\u00edle. Nebo prost\u011b jen tak pro radost :-).<\/p>\n\n\n\n<p>Aktu\u00e1ln\u011b nab\u00edz\u00edme dv\u011b hlavn\u00ed kategorie produkt\u016f, a to <strong><a href=\"https:\/\/www.schaumannovka.cz\/eshop\/kategorie-produktu\/schaumannovka-exkluzivni-sklo\/\">EXKLUZIVN\u00cd SKLO<\/a><\/strong> a <strong><a href=\"https:\/\/www.schaumannovka.cz\/eshop\/kategorie-produktu\/cerstva-kojenecka-voda\/\">\u010cERSTVOU VODU<\/a><\/strong>. <br>P\u0159ejeme \u0161\u0165astnou ruku p\u0159i Va\u0161em n\u00e1kupu.<br>V\u00e1\u0161 t\u00fdm Schaumannovky.<\/p>\n","protected":false},"excerpt":{"rendered":"<p>V\u00edtejte v e-shopu, kter\u00fd je ur\u010den k nab\u00eddce toho nejlep\u0161\u00edho, co Schaumannovka m\u016f\u017ee nab\u00eddnout. Naleznete zde nab\u00eddku pro v\u0161edn\u00ed dny i pro slavnostn\u00ed chv\u00edle. Nebo prost\u011b jen tak pro radost :-). Aktu\u00e1ln\u011b nab\u00edz\u00edme dv\u011b hlavn\u00ed kategorie produkt\u016f, a to EXKLUZIVN\u00cd SKLO a \u010cERSTVOU VODU. P\u0159ejeme \u0161\u0165astnou ruku p\u0159i Va\u0161em n\u00e1kupu.V\u00e1\u0161&hellip;<\/p>\n<p class=\"more-link-wrapper\"><a class=\"more-link\" href=\"https:\/\/www.schaumannovka.cz\/eshop\/\"><span class=\"fa fa-mail-forward read-more-icon\"><\/span><span class=\"screen-reader-text\">Read More<\/span><\/a><\/p>\n","protected":false},"author":1,"featured_media":0,"parent":0,"menu_order":0,"comment_status":"closed","ping_status":"closed","template":"","meta":[],"_links":{"self":[{"href":"https:\/\/www.schaumannovka.cz\/eshop\/wp-json\/wp\/v2\/pages\/6"}],"collection":[{"href":"https:\/\/www.schaumannovka.cz\/eshop\/wp-json\/wp\/v2\/pages"}],"about":[{"href":"https:\/\/www.schaumannovka.cz\/eshop\/wp-json\/wp\/v2\/types\/page"}],"author":[{"embeddable":true,"href":"https:\/\/www.schaumannovka.cz\/eshop\/wp-json\/wp\/v2\/users\/1"}],"replies":[{"embeddable":true,"href":"https:\/\/www.schaumannovka.cz\/eshop\/wp-json\/wp\/v2\/comments?post=6"}],"version-history":[{"count":8,"href":"https:\/\/www.schaumannovka.cz\/eshop\/wp-json\/wp\/v2\/pages\/6\/revisions"}],"predecessor-version":[{"id":115,"href":"https:\/\/www.schaumannovka.cz\/eshop\/wp-json\/wp\/v2\/pages\/6\/revisions\/115"}],"wp:attachment":[{"href":"https:\/\/www.schaumannovka.cz\/eshop\/wp-json\/wp\/v2\/media?parent=6"}],"curies":[{"name":"wp","href":"https:\/\/api.w.org\/{rel}","templated":true}]}}