{"id":11,"date":"2020-05-15T21:00:22","date_gmt":"2020-05-15T19:00:22","guid":{"rendered":"https:\/\/www.schaumannovka.cz\/eshop\/produkt\/import-placeholder-for-235\/"},"modified":"2026-01-31T12:33:11","modified_gmt":"2026-01-31T11:33:11","slug":"schaumannovka-h2o-z-jeseniku-15-l-demizon","status":"publish","type":"product","link":"https:\/\/www.schaumannovka.cz\/eshop\/produkt\/schaumannovka-h2o-z-jeseniku-15-l-demizon\/","title":{"rendered":"Schaumannovka, H2O z Jesen\u00edk\u016f! &#8211; 15 L demi\u017eon (jen voda, demi\u017eon neprodejn\u00fd)"},"content":{"rendered":"<p>Kvalitn\u00ed \u010derstv\u00e1 kojeneck\u00e1 voda ur\u010den\u00e1 k pravideln\u00e9mu pitn\u00e9mu re\u017eimu &#8211; demi\u017eon nen\u00ed prodejn\u00fd.<\/p>\n","protected":false},"excerpt":{"rendered":"<ul>\n<li>Voda je ur\u010dena k\u00a0pravideln\u00e9mu pitn\u00e9mu re\u017eimu a jsou k\u00a0tomuto tak\u00e9 uzp\u016fsobeny vratn\u00e9 obaly (demi\u017eony). Doporu\u010den\u00e1 perioda odb\u011br\u016f \u010derstv\u00e9 vody je v\u00a0t\u00fddenn\u00edm intervalu. Doporu\u010dujeme objedn\u00e1vat mno\u017estv\u00ed, kter\u00e9 za t\u00fdden opravdu spot\u0159ebujete. Voda nen\u00ed ur\u010den\u00e1 ke skladov\u00e1n\u00ed \u010di naskladn\u011bn\u00ed pro del\u0161\u00ed obdob\u00ed.<\/li>\n<li><strong>Demi\u017eony jsou evidov\u00e1ny u ka\u017ed\u00e9ho z\u00e1kazn\u00edka a jsou neprodejn\u00e9.<\/strong> \u00da\u010dtuje se vratn\u00e1 z\u00e1loha ve v\u00fd\u0161i 1500 K\u010d za kus (demi\u017eon v\u010detn\u011b p\u0159epravn\u00ed bedny = vratn\u00e9 l\u00e1hve :-))<\/li>\n<li>Cena vypo\u010d\u00edt\u00e1na v e-shopu zahrnuje pouze objednanou Schaumannovku &#8211; nezahrnuje vratnou z\u00e1lohu za demi\u017eony. Vratn\u00e1 z\u00e1loha se \u00fa\u010dtuje individu\u00e1ln\u011b dle dodan\u00fdch a vr\u00e1cen\u00fdch demi\u017eon\u016f.<\/li>\n<\/ul>\n<p>Demi\u017eony jsou opat\u0159eny ochrann\u00fdmi kolky a z d\u016fvodu zachov\u00e1n\u00ed kvality vody zak\u00e1z\u00e1no otev\u00edr\u00e1n\u00ed \u010di poru\u0161ov\u00e1n\u00ed kolkovan\u00e9ho hrdla. Voda se z demi\u017eonu \u010derp\u00e1 pouze z kohoutku. Dal\u0161\u00ed podm\u00ednky ochrany kvality Schaumannovky V\u00e1m r\u00e1di vysv\u011btl\u00ed na\u0161\u00ed z\u00e1stupci p\u0159i p\u0159ed\u00e1n\u00ed objedn\u00e1vky.<\/p>\n","protected":false},"featured_media":12,"comment_status":"closed","ping_status":"closed","template":"","meta":[],"_links":{"self":[{"href":"https:\/\/www.schaumannovka.cz\/eshop\/wp-json\/wp\/v2\/product\/11"}],"collection":[{"href":"https:\/\/www.schaumannovka.cz\/eshop\/wp-json\/wp\/v2\/product"}],"about":[{"href":"https:\/\/www.schaumannovka.cz\/eshop\/wp-json\/wp\/v2\/types\/product"}],"replies":[{"embeddable":true,"href":"https:\/\/www.schaumannovka.cz\/eshop\/wp-json\/wp\/v2\/comments?post=11"}],"wp:featuredmedia":[{"embeddable":true,"href":"https:\/\/www.schaumannovka.cz\/eshop\/wp-json\/wp\/v2\/media\/12"}],"wp:attachment":[{"href":"https:\/\/www.schaumannovka.cz\/eshop\/wp-json\/wp\/v2\/media?parent=11"}],"curies":[{"name":"wp","href":"https:\/\/api.w.org\/{rel}","templated":true}]}}