{"id":44,"date":"2020-07-19T10:15:42","date_gmt":"2020-07-19T08:15:42","guid":{"rendered":"https:\/\/www.schaumannovka.cz\/eshop\/?post_type=product&#038;p=44"},"modified":"2025-06-16T15:32:56","modified_gmt":"2025-06-16T13:32:56","slug":"schaumannovka-exkluzivni-lahev-typ-tokio-objem-07-l","status":"publish","type":"product","link":"https:\/\/www.schaumannovka.cz\/eshop\/produkt\/schaumannovka-exkluzivni-lahev-typ-tokio-objem-07-l\/","title":{"rendered":"Schaumannovka &#8211; exkluzivn\u00ed l\u00e1hev typ Tokio (objem 0,7 L)"},"content":{"rendered":"<p>Exkluzivn\u00ed l\u00e1hev se sklen\u011bn\u00fdm uz\u00e1v\u011brem.<br \/>\nLze vyu\u017e\u00edt jak pro st\u00e1\u010den\u00ed Schaumannovky tak jako dekorativn\u00ed d\u00e1rkov\u00fd p\u0159edm\u011bt.<\/p>\n","protected":false},"excerpt":{"rendered":"<p>Exkluzivn\u00ed l\u00e1hev se sklen\u011bn\u00fdm uz\u00e1v\u011brem.<br \/>\nLze vyu\u017e\u00edt jak pro st\u00e1\u010den\u00ed Schaumannovky tak jako dekorativn\u00ed d\u00e1rkov\u00fd p\u0159edm\u011bt.<\/p>\n","protected":false},"featured_media":43,"comment_status":"closed","ping_status":"closed","template":"","meta":[],"_links":{"self":[{"href":"https:\/\/www.schaumannovka.cz\/eshop\/wp-json\/wp\/v2\/product\/44"}],"collection":[{"href":"https:\/\/www.schaumannovka.cz\/eshop\/wp-json\/wp\/v2\/product"}],"about":[{"href":"https:\/\/www.schaumannovka.cz\/eshop\/wp-json\/wp\/v2\/types\/product"}],"replies":[{"embeddable":true,"href":"https:\/\/www.schaumannovka.cz\/eshop\/wp-json\/wp\/v2\/comments?post=44"}],"wp:featuredmedia":[{"embeddable":true,"href":"https:\/\/www.schaumannovka.cz\/eshop\/wp-json\/wp\/v2\/media\/43"}],"wp:attachment":[{"href":"https:\/\/www.schaumannovka.cz\/eshop\/wp-json\/wp\/v2\/media?parent=44"}],"curies":[{"name":"wp","href":"https:\/\/api.w.org\/{rel}","templated":true}]}}