{"id":58,"date":"2021-01-02T16:11:29","date_gmt":"2021-01-02T15:11:29","guid":{"rendered":"https:\/\/www.schaumannovka.cz\/eshop\/?post_type=product&#038;p=58"},"modified":"2025-06-16T15:32:10","modified_gmt":"2025-06-16T13:32:10","slug":"schaumannovka-set-karafa-2-sklenicky","status":"publish","type":"product","link":"https:\/\/www.schaumannovka.cz\/eshop\/produkt\/schaumannovka-set-karafa-2-sklenicky\/","title":{"rendered":"Schaumannovka &#8211; Set karafa + 2 skleni\u010dky"},"content":{"rendered":"<p>Exkluzivn\u00ed karafa se dv\u011bma skleni\u010dkami k denn\u00ed konzumaci \u010derstv\u00e9 Schaumannovky<\/p>\n","protected":false},"excerpt":{"rendered":"<p>Exkluzivn\u00ed karafa se dv\u011bma skleni\u010dkami k denn\u00ed konzumaci \u010derstv\u00e9 Schaumannovky<\/p>\n","protected":false},"featured_media":59,"comment_status":"closed","ping_status":"closed","template":"","meta":[],"_links":{"self":[{"href":"https:\/\/www.schaumannovka.cz\/eshop\/wp-json\/wp\/v2\/product\/58"}],"collection":[{"href":"https:\/\/www.schaumannovka.cz\/eshop\/wp-json\/wp\/v2\/product"}],"about":[{"href":"https:\/\/www.schaumannovka.cz\/eshop\/wp-json\/wp\/v2\/types\/product"}],"replies":[{"embeddable":true,"href":"https:\/\/www.schaumannovka.cz\/eshop\/wp-json\/wp\/v2\/comments?post=58"}],"wp:featuredmedia":[{"embeddable":true,"href":"https:\/\/www.schaumannovka.cz\/eshop\/wp-json\/wp\/v2\/media\/59"}],"wp:attachment":[{"href":"https:\/\/www.schaumannovka.cz\/eshop\/wp-json\/wp\/v2\/media?parent=58"}],"curies":[{"name":"wp","href":"https:\/\/api.w.org\/{rel}","templated":true}]}}