{"id":77,"date":"2021-03-19T20:07:43","date_gmt":"2021-03-19T19:07:43","guid":{"rendered":"https:\/\/www.schaumannovka.cz\/eshop\/?post_type=product&#038;p=77"},"modified":"2025-06-16T15:31:37","modified_gmt":"2025-06-16T13:31:37","slug":"schaumannovka-h2o-prasatko-pokladnicka-mala-1ks","status":"publish","type":"product","link":"https:\/\/www.schaumannovka.cz\/eshop\/produkt\/schaumannovka-h2o-prasatko-pokladnicka-mala-1ks\/","title":{"rendered":"Schaumannovka &#8211; H2O pras\u00e1tko pokladni\u010dka mal\u00e1 &#8211; 1ks"},"content":{"rendered":"<p>Exkluzivn\u00ed pokladni\u010dka pro \u0161t\u011bst\u00ed mal\u00e1 &#8211; 1 ks<\/p>\n","protected":false},"excerpt":{"rendered":"<p>Exkluzivn\u00ed pokladni\u010dka pro \u0161t\u011bst\u00ed mal\u00e1 &#8211; 1 ks<\/p>\n","protected":false},"featured_media":76,"comment_status":"closed","ping_status":"closed","template":"","meta":[],"_links":{"self":[{"href":"https:\/\/www.schaumannovka.cz\/eshop\/wp-json\/wp\/v2\/product\/77"}],"collection":[{"href":"https:\/\/www.schaumannovka.cz\/eshop\/wp-json\/wp\/v2\/product"}],"about":[{"href":"https:\/\/www.schaumannovka.cz\/eshop\/wp-json\/wp\/v2\/types\/product"}],"replies":[{"embeddable":true,"href":"https:\/\/www.schaumannovka.cz\/eshop\/wp-json\/wp\/v2\/comments?post=77"}],"wp:featuredmedia":[{"embeddable":true,"href":"https:\/\/www.schaumannovka.cz\/eshop\/wp-json\/wp\/v2\/media\/76"}],"wp:attachment":[{"href":"https:\/\/www.schaumannovka.cz\/eshop\/wp-json\/wp\/v2\/media?parent=77"}],"curies":[{"name":"wp","href":"https:\/\/api.w.org\/{rel}","templated":true}]}}