{"id":78,"date":"2021-03-19T20:09:40","date_gmt":"2021-03-19T19:09:40","guid":{"rendered":"https:\/\/www.schaumannovka.cz\/eshop\/?post_type=product&#038;p=78"},"modified":"2025-06-16T15:31:15","modified_gmt":"2025-06-16T13:31:15","slug":"schaumannovka-h2o-prasatko-pokladnicka-velka-1-ks","status":"publish","type":"product","link":"https:\/\/www.schaumannovka.cz\/eshop\/produkt\/schaumannovka-h2o-prasatko-pokladnicka-velka-1-ks\/","title":{"rendered":"Schaumannovka &#8211; H2O pras\u00e1tko pokladni\u010dka velk\u00e1 &#8211; 1 ks"},"content":{"rendered":"<p>Exkluzivn\u00ed pokladni\u010dka pro \u0161t\u011bst\u00ed velk\u00e1 &#8211; 1 ks<\/p>\n","protected":false},"excerpt":{"rendered":"<p>Exkluzivn\u00ed pokladni\u010dka pro \u0161t\u011bst\u00ed velk\u00e1 &#8211; 1 ks<\/p>\n","protected":false},"featured_media":70,"comment_status":"closed","ping_status":"closed","template":"","meta":[],"_links":{"self":[{"href":"https:\/\/www.schaumannovka.cz\/eshop\/wp-json\/wp\/v2\/product\/78"}],"collection":[{"href":"https:\/\/www.schaumannovka.cz\/eshop\/wp-json\/wp\/v2\/product"}],"about":[{"href":"https:\/\/www.schaumannovka.cz\/eshop\/wp-json\/wp\/v2\/types\/product"}],"replies":[{"embeddable":true,"href":"https:\/\/www.schaumannovka.cz\/eshop\/wp-json\/wp\/v2\/comments?post=78"}],"wp:featuredmedia":[{"embeddable":true,"href":"https:\/\/www.schaumannovka.cz\/eshop\/wp-json\/wp\/v2\/media\/70"}],"wp:attachment":[{"href":"https:\/\/www.schaumannovka.cz\/eshop\/wp-json\/wp\/v2\/media?parent=78"}],"curies":[{"name":"wp","href":"https:\/\/api.w.org\/{rel}","templated":true}]}}