{"id":79,"date":"2021-03-19T20:11:57","date_gmt":"2021-03-19T19:11:57","guid":{"rendered":"https:\/\/www.schaumannovka.cz\/eshop\/?post_type=product&#038;p=79"},"modified":"2025-06-16T15:30:44","modified_gmt":"2025-06-16T13:30:44","slug":"schaumannovka-lahev-tokio-14-l","status":"publish","type":"product","link":"https:\/\/www.schaumannovka.cz\/eshop\/produkt\/schaumannovka-lahev-tokio-14-l\/","title":{"rendered":"Schaumannovka &#8211; L\u00e1hev Tokio 1,4 L"},"content":{"rendered":"<p>Exkluzivn\u00ed l\u00e1hev ur\u010den\u00e1 pro pohodov\u00e9 okam\u017eiky<\/p>\n","protected":false},"excerpt":{"rendered":"<p>Exkluzivn\u00ed l\u00e1hev ur\u010den\u00e1 pro pohodov\u00e9 okam\u017eiky<\/p>\n","protected":false},"featured_media":64,"comment_status":"closed","ping_status":"closed","template":"","meta":[],"_links":{"self":[{"href":"https:\/\/www.schaumannovka.cz\/eshop\/wp-json\/wp\/v2\/product\/79"}],"collection":[{"href":"https:\/\/www.schaumannovka.cz\/eshop\/wp-json\/wp\/v2\/product"}],"about":[{"href":"https:\/\/www.schaumannovka.cz\/eshop\/wp-json\/wp\/v2\/types\/product"}],"replies":[{"embeddable":true,"href":"https:\/\/www.schaumannovka.cz\/eshop\/wp-json\/wp\/v2\/comments?post=79"}],"wp:featuredmedia":[{"embeddable":true,"href":"https:\/\/www.schaumannovka.cz\/eshop\/wp-json\/wp\/v2\/media\/64"}],"wp:attachment":[{"href":"https:\/\/www.schaumannovka.cz\/eshop\/wp-json\/wp\/v2\/media?parent=79"}],"curies":[{"name":"wp","href":"https:\/\/api.w.org\/{rel}","templated":true}]}}