{"id":82,"date":"2021-03-19T20:18:24","date_gmt":"2021-03-19T19:18:24","guid":{"rendered":"https:\/\/www.schaumannovka.cz\/eshop\/?post_type=product&#038;p=82"},"modified":"2025-06-16T15:27:14","modified_gmt":"2025-06-16T13:27:14","slug":"schaumannovka-sklenicka-03-l","status":"publish","type":"product","link":"https:\/\/www.schaumannovka.cz\/eshop\/produkt\/schaumannovka-sklenicka-03-l\/","title":{"rendered":"Schaumannovka &#8211; Skleni\u010dka 0,3 L"},"content":{"rendered":"<p>Skleni\u010dka Schaumannovka pro b\u011b\u017en\u00fd pitn\u00fd re\u017eim<\/p>\n","protected":false},"excerpt":{"rendered":"<p>Skleni\u010dka Schaumannovka pro b\u011b\u017en\u00fd pitn\u00fd re\u017eim<\/p>\n","protected":false},"featured_media":68,"comment_status":"closed","ping_status":"closed","template":"","meta":[],"_links":{"self":[{"href":"https:\/\/www.schaumannovka.cz\/eshop\/wp-json\/wp\/v2\/product\/82"}],"collection":[{"href":"https:\/\/www.schaumannovka.cz\/eshop\/wp-json\/wp\/v2\/product"}],"about":[{"href":"https:\/\/www.schaumannovka.cz\/eshop\/wp-json\/wp\/v2\/types\/product"}],"replies":[{"embeddable":true,"href":"https:\/\/www.schaumannovka.cz\/eshop\/wp-json\/wp\/v2\/comments?post=82"}],"wp:featuredmedia":[{"embeddable":true,"href":"https:\/\/www.schaumannovka.cz\/eshop\/wp-json\/wp\/v2\/media\/68"}],"wp:attachment":[{"href":"https:\/\/www.schaumannovka.cz\/eshop\/wp-json\/wp\/v2\/media?parent=82"}],"curies":[{"name":"wp","href":"https:\/\/api.w.org\/{rel}","templated":true}]}}