{"id":83,"date":"2021-03-19T20:19:37","date_gmt":"2021-03-19T19:19:37","guid":{"rendered":"https:\/\/www.schaumannovka.cz\/eshop\/?post_type=product&#038;p=83"},"modified":"2025-06-16T15:28:16","modified_gmt":"2025-06-16T13:28:16","slug":"schaumannovka-karafa-15-l","status":"publish","type":"product","link":"https:\/\/www.schaumannovka.cz\/eshop\/produkt\/schaumannovka-karafa-15-l\/","title":{"rendered":"Schaumannovka &#8211; Karafa 1,5 L"},"content":{"rendered":"<p>Exkluzivn\u00ed karafa pro slavnostn\u00ed chv\u00edle<\/p>\n","protected":false},"excerpt":{"rendered":"<p>Exkluzivn\u00ed karafa pro slavnostn\u00ed chv\u00edle<\/p>\n","protected":false},"featured_media":67,"comment_status":"closed","ping_status":"closed","template":"","meta":[],"_links":{"self":[{"href":"https:\/\/www.schaumannovka.cz\/eshop\/wp-json\/wp\/v2\/product\/83"}],"collection":[{"href":"https:\/\/www.schaumannovka.cz\/eshop\/wp-json\/wp\/v2\/product"}],"about":[{"href":"https:\/\/www.schaumannovka.cz\/eshop\/wp-json\/wp\/v2\/types\/product"}],"replies":[{"embeddable":true,"href":"https:\/\/www.schaumannovka.cz\/eshop\/wp-json\/wp\/v2\/comments?post=83"}],"wp:featuredmedia":[{"embeddable":true,"href":"https:\/\/www.schaumannovka.cz\/eshop\/wp-json\/wp\/v2\/media\/67"}],"wp:attachment":[{"href":"https:\/\/www.schaumannovka.cz\/eshop\/wp-json\/wp\/v2\/media?parent=83"}],"curies":[{"name":"wp","href":"https:\/\/api.w.org\/{rel}","templated":true}]}}