{"id":84,"date":"2021-03-19T20:22:48","date_gmt":"2021-03-19T19:22:48","guid":{"rendered":"https:\/\/www.schaumannovka.cz\/eshop\/?post_type=product&#038;p=84"},"modified":"2025-06-16T15:27:40","modified_gmt":"2025-06-16T13:27:40","slug":"schaumannovka-banka-velka","status":"publish","type":"product","link":"https:\/\/www.schaumannovka.cz\/eshop\/produkt\/schaumannovka-banka-velka\/","title":{"rendered":"Schaumannovka &#8211; ba\u0148ka velk\u00e1"},"content":{"rendered":"<p>Ba\u0148ka pro pohodln\u00e9 \u010depov\u00e1n\u00ed vody z demi\u017eonu Schaumannovky<\/p>\n","protected":false},"excerpt":{"rendered":"<p>Ba\u0148ka pro pohodln\u00e9 \u010depov\u00e1n\u00ed vody z demi\u017eonu Schaumannovky<\/p>\n","protected":false},"featured_media":73,"comment_status":"closed","ping_status":"closed","template":"","meta":[],"_links":{"self":[{"href":"https:\/\/www.schaumannovka.cz\/eshop\/wp-json\/wp\/v2\/product\/84"}],"collection":[{"href":"https:\/\/www.schaumannovka.cz\/eshop\/wp-json\/wp\/v2\/product"}],"about":[{"href":"https:\/\/www.schaumannovka.cz\/eshop\/wp-json\/wp\/v2\/types\/product"}],"replies":[{"embeddable":true,"href":"https:\/\/www.schaumannovka.cz\/eshop\/wp-json\/wp\/v2\/comments?post=84"}],"wp:featuredmedia":[{"embeddable":true,"href":"https:\/\/www.schaumannovka.cz\/eshop\/wp-json\/wp\/v2\/media\/73"}],"wp:attachment":[{"href":"https:\/\/www.schaumannovka.cz\/eshop\/wp-json\/wp\/v2\/media?parent=84"}],"curies":[{"name":"wp","href":"https:\/\/api.w.org\/{rel}","templated":true}]}}