{"id":2,"date":"2017-03-06T13:14:03","date_gmt":"2017-03-06T12:14:03","guid":{"rendered":"http:\/\/www.sdresort.cz\/wordpress\/?page_id=2"},"modified":"2022-02-18T12:58:51","modified_gmt":"2022-02-18T11:58:51","slug":"kontakt","status":"publish","type":"page","link":"https:\/\/www.schaumannovka.cz\/wp-sdresort\/kontakt\/","title":{"rendered":"Kontakt"},"content":{"rendered":"\n<h2 id=\"adresa\">Adresa:<\/h2>\n\n\n\n<p><strong>SD Resort<\/strong><br>Karlovice 231<br>793 23 okr. Brunt\u00e1l<br>\u010cesk\u00e1 Republika<\/p>\n\n\n\n<p><a href=\"tel:00420603356242\">+420 603 356242<\/a><\/p>\n\n\n\n<p><a href=\"mailto:%20sd@sdresort.cz\">sd@sdresort.cz<\/a><br><a rel=\"noreferrer noopener\" href=\"http:\/\/www.sdresort.cz\/\" target=\"_blank\">www.sdresort.cz<\/a><\/p>\n","protected":false},"excerpt":{"rendered":"<p>Adresa: SD ResortKarlovice 231793 23 okr. Brunt\u00e1l\u010cesk\u00e1 Republika +420 603 356242 sd@sdresort.czwww.sdresort.cz<\/p>\n","protected":false},"author":1,"featured_media":0,"parent":0,"menu_order":0,"comment_status":"closed","ping_status":"open","template":"","meta":{"_coblocks_attr":"","_coblocks_dimensions":"","_coblocks_responsive_height":"","_coblocks_accordion_ie_support":"","_regular_price":[],"currency_symbol":[]},"post_slider_layout_featured_media_urls":{"thumbnail":"","post_slider_layout_landscape_large":"","post_slider_layout_portrait_large":"","post_slider_layout_square_large":"","post_slider_layout_landscape":"","post_slider_layout_portrait":"","post_slider_layout_square":"","full":""},"uagb_featured_image_src":{"full":false,"thumbnail":false,"medium":false,"medium_large":false,"large":false,"1536x1536":false,"2048x2048":false,"post_slider_layout_landscape_large":false,"post_slider_layout_portrait_large":false,"post_slider_layout_square_large":false,"post_slider_layout_landscape":false,"post_slider_layout_portrait":false,"post_slider_layout_square":false,"ultp_layout_landscape_large":false,"ultp_layout_landscape":false,"ultp_layout_portrait":false,"ultp_layout_square":false,"sirat-homepage-thumb":false,"sow-carousel-default":false},"uagb_author_info":{"display_name":"David","author_link":"https:\/\/www.schaumannovka.cz\/wp-sdresort\/author\/admin\/"},"uagb_comment_info":0,"uagb_excerpt":"Adresa: SD ResortKarlovice 231793 23 okr. Brunt\u00e1l\u010cesk\u00e1 Republika +420 603 356242 sd@sdresort.czwww.sdresort.cz","_links":{"self":[{"href":"https:\/\/www.schaumannovka.cz\/wp-sdresort\/wp-json\/wp\/v2\/pages\/2"}],"collection":[{"href":"https:\/\/www.schaumannovka.cz\/wp-sdresort\/wp-json\/wp\/v2\/pages"}],"about":[{"href":"https:\/\/www.schaumannovka.cz\/wp-sdresort\/wp-json\/wp\/v2\/types\/page"}],"author":[{"embeddable":true,"href":"https:\/\/www.schaumannovka.cz\/wp-sdresort\/wp-json\/wp\/v2\/users\/1"}],"replies":[{"embeddable":true,"href":"https:\/\/www.schaumannovka.cz\/wp-sdresort\/wp-json\/wp\/v2\/comments?post=2"}],"version-history":[{"count":5,"href":"https:\/\/www.schaumannovka.cz\/wp-sdresort\/wp-json\/wp\/v2\/pages\/2\/revisions"}],"predecessor-version":[{"id":289,"href":"https:\/\/www.schaumannovka.cz\/wp-sdresort\/wp-json\/wp\/v2\/pages\/2\/revisions\/289"}],"wp:attachment":[{"href":"https:\/\/www.schaumannovka.cz\/wp-sdresort\/wp-json\/wp\/v2\/media?parent=2"}],"curies":[{"name":"wp","href":"https:\/\/api.w.org\/{rel}","templated":true}]}}