{"id":68,"date":"2021-07-02T09:27:40","date_gmt":"2021-07-02T08:27:40","guid":{"rendered":"http:\/\/www.sdresort.cz\/wp-sdresort\/?page_id=68"},"modified":"2022-03-04T10:34:32","modified_gmt":"2022-03-04T09:34:32","slug":"nabidka-ubytovani","status":"publish","type":"page","link":"https:\/\/www.schaumannovka.cz\/wp-sdresort\/","title":{"rendered":"Top ubytov\u00e1n\u00ed"},"content":{"rendered":"<div  class=\"wp-block-ultimate-post-post-grid-2 ultp-block-80b661\"><div class=\"ultp-block-wrapper\"><div class=\"ultp-loading\"><div class=\"ultp-loading-blocks\" style=\"width:100%;height:100%;\"><div style=\"left: 0;top: 0;animation-delay:0s;\"><\/div><div style=\"left: 21px;top: 0;animation-delay:0.125s;\"><\/div><div style=\"left: 42px;top: 0;animation-delay:0.25s;\"><\/div><div style=\"left: 0;top: 21px;animation-delay:0.875s;\"><\/div><div style=\"left: 42px;top: 21px;animation-delay:0.375s;\"><\/div><div style=\"left: 0;top: 42px;animation-delay:0.75s;\"><\/div><div style=\"left: 42px;top: 42px;animation-delay:0.625s;\"><\/div><div style=\"left: 21px;top: 42px;animation-delay:0.5s;\"><\/div><\/div><\/div><div class=\"ultp-heading-filter\"><div class=\"ultp-heading-filter-in\"><div class=\"ultp-heading-wrap ultp-heading-style15 ultp-heading-center\"><h2 class=\"ultp-heading-inner\"><span>V\u00ddB\u011aR NEJLEP\u0160\u00cdHO UBYTOV\u00c1N\u00cd<\/span><\/h2><\/div><\/div><\/div><div class=\"ultp-block-items-wrap ultp-block-row\"><div class=\"ultp-block-item post-id-1\"><div class=\"ultp-block-content-wrap ultp-block-content-overlay\"><div class=\"ultp-block-image ultp-block-image-zoomOut ultp-block-image-overlay ultp-block-image-custom\"><a href=\"https:\/\/www.schaumannovka.cz\/wp-sdresort\/schaumannuv-dvur\/\" ><img  alt=\"Pension Schaumann\u016fv Dv\u016fr &#8211; Karlovice v Jesen\u00edk\u00e1ch\"  src=\"https:\/\/www.schaumannovka.cz\/wp-sdresort\/wp-content\/uploads\/2018\/05\/schaumann-dvur-870x570.jpg\" \/><\/a><\/div><div class=\"ultp-block-content ultp-block-content-bottomPosition\"><div class=\"ultp-block-content-inner\"><div class=\"ultp-category-grid ultp-category-classic ultp-category-aboveTitle\"><div class=\"ultp-category-in\"><a class=\"ultp-cat-jeseniky\" href=\"https:\/\/www.schaumannovka.cz\/wp-sdresort\/category\/jeseniky\/\"  >Jesen\u00edky<\/a><\/div><\/div><h2 class=\"ultp-block-title \"><a href=\"https:\/\/www.schaumannovka.cz\/wp-sdresort\/schaumannuv-dvur\/\" >Pension Schaumann\u016fv Dv\u016fr &#8211; Karlovice v Jesen\u00edk\u00e1ch<\/a><\/h2><\/div><\/div><\/div><\/div><div class=\"ultp-block-item post-id-28\"><div class=\"ultp-block-content-wrap ultp-block-content-overlay\"><div class=\"ultp-block-image ultp-block-image-zoomOut ultp-block-image-overlay ultp-block-image-custom\"><a href=\"https:\/\/www.schaumannovka.cz\/wp-sdresort\/penzion-dvur-pohody-varnsdorf\/\" ><img  alt=\"Ubytov\u00e1n\u00ed &#8211; Koupali\u0161t\u011b Bene\u0161ov nad Plou\u010dnic\u00ed\"  src=\"https:\/\/www.schaumannovka.cz\/wp-sdresort\/wp-content\/uploads\/2018\/05\/sluzbybenesov-870x570.jpg\" \/><\/a><\/div><div class=\"ultp-block-content ultp-block-content-bottomPosition\"><div class=\"ultp-block-content-inner\"><div class=\"ultp-category-grid ultp-category-classic ultp-category-aboveTitle\"><div class=\"ultp-category-in\"><a class=\"ultp-cat-ceske-svycarsko\" href=\"https:\/\/www.schaumannovka.cz\/wp-sdresort\/category\/ceske-svycarsko\/\"  >\u010cesk\u00e9 \u0160v\u00fdcarsko<\/a><\/div><\/div><h2 class=\"ultp-block-title \"><a href=\"https:\/\/www.schaumannovka.cz\/wp-sdresort\/penzion-dvur-pohody-varnsdorf\/\" >Ubytov\u00e1n\u00ed &#8211; Koupali\u0161t\u011b Bene\u0161ov nad Plou\u010dnic\u00ed<\/a><\/h2><\/div><\/div><\/div><\/div><div class=\"ultp-block-item post-id-22\"><div class=\"ultp-block-content-wrap ultp-block-content-overlay\"><div class=\"ultp-block-image ultp-block-image-zoomOut ultp-block-image-overlay ultp-block-image-custom\"><a href=\"https:\/\/www.schaumannovka.cz\/wp-sdresort\/vodni-mlyn-wessellsky\/\" ><img  alt=\"Vodn\u00ed ml\u00fdn Wessellsk\u00fd &#8211; Odry\"  src=\"https:\/\/www.schaumannovka.cz\/wp-sdresort\/wp-content\/uploads\/2018\/05\/vodni-mlyn-870x550.jpg\" \/><\/a><\/div><div class=\"ultp-block-content ultp-block-content-bottomPosition\"><div class=\"ultp-block-content-inner\"><div class=\"ultp-category-grid ultp-category-classic ultp-category-aboveTitle\"><div class=\"ultp-category-in\"><a class=\"ultp-cat-poodri\" href=\"https:\/\/www.schaumannovka.cz\/wp-sdresort\/category\/poodri\/\"  >Pood\u0159\u00ed<\/a><\/div><\/div><h2 class=\"ultp-block-title \"><a href=\"https:\/\/www.schaumannovka.cz\/wp-sdresort\/vodni-mlyn-wessellsky\/\" >Vodn\u00ed ml\u00fdn Wessellsk\u00fd &#8211; Odry<\/a><\/h2><\/div><\/div><\/div><\/div><div class=\"ultp-block-item post-id-19\"><div class=\"ultp-block-content-wrap ultp-block-content-overlay\"><div class=\"ultp-block-image ultp-block-image-zoomOut ultp-block-image-overlay ultp-block-image-custom\"><a href=\"https:\/\/www.schaumannovka.cz\/wp-sdresort\/penzion-vincent-a-mia\/\" ><img  alt=\"Penzion u \u0160utr\u00e1ku\"  src=\"https:\/\/www.schaumannovka.cz\/wp-sdresort\/wp-content\/uploads\/2018\/05\/usutraku-870x485.jpg\" \/><\/a><\/div><div class=\"ultp-block-content ultp-block-content-bottomPosition\"><div class=\"ultp-block-content-inner\"><div class=\"ultp-category-grid ultp-category-classic ultp-category-aboveTitle\"><div class=\"ultp-category-in\"><a class=\"ultp-cat-jizni-morava\" href=\"https:\/\/www.schaumannovka.cz\/wp-sdresort\/category\/jizni-morava\/\"  >Ji\u017en\u00ed Morava<\/a><\/div><\/div><h2 class=\"ultp-block-title \"><a href=\"https:\/\/www.schaumannovka.cz\/wp-sdresort\/penzion-vincent-a-mia\/\" >Penzion u \u0160utr\u00e1ku<\/a><\/h2><\/div><\/div><\/div><\/div><\/div><\/div><\/div>\n\n\n<p><\/p>\n","protected":false},"excerpt":{"rendered":"","protected":false},"author":3,"featured_media":0,"parent":0,"menu_order":0,"comment_status":"closed","ping_status":"closed","template":"ultp_page_template","meta":{"_coblocks_attr":"","_coblocks_dimensions":"","_coblocks_responsive_height":"","_coblocks_accordion_ie_support":"","_regular_price":[],"currency_symbol":[]},"post_slider_layout_featured_media_urls":{"thumbnail":"","post_slider_layout_landscape_large":"","post_slider_layout_portrait_large":"","post_slider_layout_square_large":"","post_slider_layout_landscape":"","post_slider_layout_portrait":"","post_slider_layout_square":"","full":""},"uagb_featured_image_src":{"full":false,"thumbnail":false,"medium":false,"medium_large":false,"large":false,"1536x1536":false,"2048x2048":false,"post_slider_layout_landscape_large":false,"post_slider_layout_portrait_large":false,"post_slider_layout_square_large":false,"post_slider_layout_landscape":false,"post_slider_layout_portrait":false,"post_slider_layout_square":false,"ultp_layout_landscape_large":false,"ultp_layout_landscape":false,"ultp_layout_portrait":false,"ultp_layout_square":false,"sirat-homepage-thumb":false,"sow-carousel-default":false},"uagb_author_info":{"display_name":"Jan Pol\u00e1k","author_link":"https:\/\/www.schaumannovka.cz\/wp-sdresort\/author\/janpolak\/"},"uagb_comment_info":0,"uagb_excerpt":null,"_links":{"self":[{"href":"https:\/\/www.schaumannovka.cz\/wp-sdresort\/wp-json\/wp\/v2\/pages\/68"}],"collection":[{"href":"https:\/\/www.schaumannovka.cz\/wp-sdresort\/wp-json\/wp\/v2\/pages"}],"about":[{"href":"https:\/\/www.schaumannovka.cz\/wp-sdresort\/wp-json\/wp\/v2\/types\/page"}],"author":[{"embeddable":true,"href":"https:\/\/www.schaumannovka.cz\/wp-sdresort\/wp-json\/wp\/v2\/users\/3"}],"replies":[{"embeddable":true,"href":"https:\/\/www.schaumannovka.cz\/wp-sdresort\/wp-json\/wp\/v2\/comments?post=68"}],"version-history":[{"count":40,"href":"https:\/\/www.schaumannovka.cz\/wp-sdresort\/wp-json\/wp\/v2\/pages\/68\/revisions"}],"predecessor-version":[{"id":320,"href":"https:\/\/www.schaumannovka.cz\/wp-sdresort\/wp-json\/wp\/v2\/pages\/68\/revisions\/320"}],"wp:attachment":[{"href":"https:\/\/www.schaumannovka.cz\/wp-sdresort\/wp-json\/wp\/v2\/media?parent=68"}],"curies":[{"name":"wp","href":"https:\/\/api.w.org\/{rel}","templated":true}]}}