{"id":8,"date":"2018-05-07T15:14:42","date_gmt":"2018-05-07T14:14:42","guid":{"rendered":"http:\/\/www.sdresort.cz\/wordpress\/?page_id=8"},"modified":"2022-02-10T14:10:13","modified_gmt":"2022-02-10T13:10:13","slug":"o-nas","status":"publish","type":"page","link":"https:\/\/www.schaumannovka.cz\/wp-sdresort\/o-nas\/","title":{"rendered":"O N\u00e1s"},"content":{"rendered":"<p class=\"justify\">SD Resort je spole\u010dnost, kter\u00e1 se anga\u017euje a podnik\u00e1 v oblasti cestovn\u00edho ruchu, hotelnictv\u00ed a gastronomie pod chr\u00e1n\u011bnou zna\u010dkou. Hlavn\u00edm kr\u00e9dem skupiny je pozvednut\u00ed \u00farovn\u011b gastronomick\u00fdch, hotelov\u00fdch a l\u00e1ze\u0148sk\u00fdch slu\u017eeb. Obzvl\u00e1\u0161t\u011b pak v kategori\u00edch jako jsou za\u0159\u00edzen\u00ed ni\u017e\u0161\u00edch a st\u0159edn\u00edch t\u0159\u00edd \u2013 dvou-t\u0159\u00ed hv\u011bzdi\u010dkov\u00e9 nebo rodinn\u00e9 podniky.<\/p>\n<p class=\"justify\">Sdru\u017een\u00ed SD Resort proto nab\u00edz\u00ed poradenstv\u00ed a spolupr\u00e1ci partner\u016fm podnikaj\u00edc\u00edm (nebo za\u010d\u00ednaj\u00edc\u00edm podnikat) v oboru cestovn\u00edho ruchu, hotelnictv\u00ed, l\u00e1ze\u0148stv\u00ed a gastronomie. Jsou dva zp\u016fsoby jak lze spolupr\u00e1ci uskute\u010dnit.<\/p>\n<p class=\"justify\">Prvn\u00edm zp\u016fsobem je poskytov\u00e1n\u00ed poradenstv\u00ed \u0161it\u00e9 na m\u00edru ka\u017ed\u00e9ho provozu, kter\u00fd o to projev\u00ed z\u00e1jem. Podrobn\u00e9 informace najdete v odkazu \u201e<a href=\"https:\/\/www.sdresort.cz\/index.php?page=counselling\">Poradensk\u00e9 slu\u017eby<\/a>\u201c.<\/p>\n<p class=\"justify\">Druh\u00fdm zp\u016fsobem je sdru\u017eov\u00e1n\u00ed nez\u00e1visl\u00fdch subjekt\u016f, kte\u0159\u00ed m\u016f\u017eou za dan\u00fdch podm\u00ednek podnikat pod zna\u010dkou \u201eSD Resort\u201c. Podrobn\u00e9 informace najdete v odkazu \u201e<a href=\"https:\/\/www.sdresort.cz\/index.php?page=association\">Sdru\u017een\u00ed SD Resort<\/a>\u201c.<\/p>\n<p class=\"justify\">D\u00e1le SD Resort nab\u00edz\u00ed ubytov\u00e1n\u00ed a rekreaci v za\u0159\u00edzen\u00edch, kter\u00e1 jsou p\u0159\u00edsn\u011b vyb\u00edr\u00e1na na z\u00e1klad\u011b kvality poskytovan\u00fdch slu\u017eeb a ceny. Tyto st\u0159ediska nab\u00edz\u00ed za p\u0159ijateln\u00e9 ceny relaxaci a odpo\u010dinek bez dnes v\u0161udyp\u0159\u00edtomn\u00e9ho komer\u010dn\u00edho \u201eobt\u011b\u017eov\u00e1n\u00ed\u201c. Ubytovac\u00ed za\u0159\u00edzen\u00ed najdete v odkazu \u201e<a href=\"https:\/\/www.sdresort.cz\/index.php?page=accommodation\">Ubytov\u00e1n\u00ed v SD Resort<\/a>\u201c.<\/p>\n<p class=\"justify\">V\u011b\u0159\u00edme, \u017ee na\u0161e spole\u010dnost p\u0159isp\u011bje alespo\u0148 mal\u00fdm d\u00edlem ke zkvalitn\u011bn\u00ed slu\u017eeb cestovn\u00edho ruchu, pom\u016f\u017ee uleh\u010dit pr\u00e1ci podnikatel\u016fm a p\u0159isp\u011bje ke spokojenosti co nej\u0161ir\u0161\u00edho po\u010dtu host\u016f a z\u00e1kazn\u00edk\u016f.<\/p>\n","protected":false},"excerpt":{"rendered":"<p>SD Resort je spole\u010dnost, kter\u00e1 se anga\u017euje a podnik\u00e1 v oblasti cestovn\u00edho ruchu, hotelnictv\u00ed a gastronomie pod chr\u00e1n\u011bnou zna\u010dkou. Hlavn\u00edm kr\u00e9dem skupiny je pozvednut\u00ed \u00farovn\u011b gastronomick\u00fdch, hotelov\u00fdch a l\u00e1ze\u0148sk\u00fdch slu\u017eeb. Obzvl\u00e1\u0161t\u011b pak v kategori\u00edch jako jsou za\u0159\u00edzen\u00ed ni\u017e\u0161\u00edch a st\u0159edn\u00edch t\u0159\u00edd \u2013 dvou-t\u0159\u00ed hv\u011bzdi\u010dkov\u00e9 nebo rodinn\u00e9 podniky. Sdru\u017een\u00ed SD Resort proto nab\u00edz\u00ed poradenstv\u00ed a spolupr\u00e1ci [&hellip;]<\/p>\n","protected":false},"author":2,"featured_media":0,"parent":0,"menu_order":0,"comment_status":"closed","ping_status":"closed","template":"","meta":{"_coblocks_attr":"","_coblocks_dimensions":"","_coblocks_responsive_height":"","_coblocks_accordion_ie_support":"","_regular_price":[],"currency_symbol":[]},"post_slider_layout_featured_media_urls":{"thumbnail":"","post_slider_layout_landscape_large":"","post_slider_layout_portrait_large":"","post_slider_layout_square_large":"","post_slider_layout_landscape":"","post_slider_layout_portrait":"","post_slider_layout_square":"","full":""},"uagb_featured_image_src":{"full":false,"thumbnail":false,"medium":false,"medium_large":false,"large":false,"1536x1536":false,"2048x2048":false,"post_slider_layout_landscape_large":false,"post_slider_layout_portrait_large":false,"post_slider_layout_square_large":false,"post_slider_layout_landscape":false,"post_slider_layout_portrait":false,"post_slider_layout_square":false,"ultp_layout_landscape_large":false,"ultp_layout_landscape":false,"ultp_layout_portrait":false,"ultp_layout_square":false,"sirat-homepage-thumb":false,"sow-carousel-default":false},"uagb_author_info":{"display_name":"Kamil Schaumann","author_link":"https:\/\/www.schaumannovka.cz\/wp-sdresort\/author\/sdresort\/"},"uagb_comment_info":0,"uagb_excerpt":"SD Resort je spole\u010dnost, kter\u00e1 se anga\u017euje a podnik\u00e1 v oblasti cestovn\u00edho ruchu, hotelnictv\u00ed a gastronomie pod chr\u00e1n\u011bnou zna\u010dkou. Hlavn\u00edm kr\u00e9dem skupiny je pozvednut\u00ed \u00farovn\u011b gastronomick\u00fdch, hotelov\u00fdch a l\u00e1ze\u0148sk\u00fdch slu\u017eeb. Obzvl\u00e1\u0161t\u011b pak v kategori\u00edch jako jsou za\u0159\u00edzen\u00ed ni\u017e\u0161\u00edch a st\u0159edn\u00edch t\u0159\u00edd \u2013 dvou-t\u0159\u00ed hv\u011bzdi\u010dkov\u00e9 nebo rodinn\u00e9 podniky. Sdru\u017een\u00ed SD Resort proto nab\u00edz\u00ed poradenstv\u00ed a spolupr\u00e1ci&hellip;","_links":{"self":[{"href":"https:\/\/www.schaumannovka.cz\/wp-sdresort\/wp-json\/wp\/v2\/pages\/8"}],"collection":[{"href":"https:\/\/www.schaumannovka.cz\/wp-sdresort\/wp-json\/wp\/v2\/pages"}],"about":[{"href":"https:\/\/www.schaumannovka.cz\/wp-sdresort\/wp-json\/wp\/v2\/types\/page"}],"author":[{"embeddable":true,"href":"https:\/\/www.schaumannovka.cz\/wp-sdresort\/wp-json\/wp\/v2\/users\/2"}],"replies":[{"embeddable":true,"href":"https:\/\/www.schaumannovka.cz\/wp-sdresort\/wp-json\/wp\/v2\/comments?post=8"}],"version-history":[{"count":6,"href":"https:\/\/www.schaumannovka.cz\/wp-sdresort\/wp-json\/wp\/v2\/pages\/8\/revisions"}],"predecessor-version":[{"id":101,"href":"https:\/\/www.schaumannovka.cz\/wp-sdresort\/wp-json\/wp\/v2\/pages\/8\/revisions\/101"}],"wp:attachment":[{"href":"https:\/\/www.schaumannovka.cz\/wp-sdresort\/wp-json\/wp\/v2\/media?parent=8"}],"curies":[{"name":"wp","href":"https:\/\/api.w.org\/{rel}","templated":true}]}}